{"id":15,"date":"2024-05-30T15:32:17","date_gmt":"2024-05-30T15:32:17","guid":{"rendered":"https:\/\/www.zubergebrag.ch\/wordpress\/?page_id=15"},"modified":"2024-08-25T08:52:32","modified_gmt":"2024-08-25T08:52:32","slug":"dach-und-flachdach","status":"publish","type":"page","link":"https:\/\/www.zubergebrag.ch\/index.php\/dach-und-flachdach\/","title":{"rendered":"Dach- und Flachdach"},"content":{"rendered":"<header class=\"entry-header\">\n<header class=\"entry-header\"><\/header>\n<div class=\"entry-content\">\n<p style=\"text-align: center;\">Von der Beratung \u00fcber die Planung bis hin zu Bau und Unterhalt \u2014 Ihr Dach ist unsere Sache.<\/p>\n<p style=\"text-align: center;\">Flachd\u00e4cher und Steild\u00e4cher der Gebr\u00fcder Zuber AG halten, was wir versprechen \u2014 dicht. Unsere Dachdecker und Spengler lassen Sie garantiert im Trockenen.<\/p>\n<p style=\"text-align: center;\">Wir planen und montieren auch Ihre Solaranlage.<\/p>\n<table style=\"height: 96px; width: 100%; border-collapse: collapse; border-style: solid; border-color: #ffffff;\">\n<tbody>\n<tr style=\"height: 24px;\">\n<td style=\"width: 50%; height: 24px;\"><strong>Vorher<\/strong><\/td>\n<td style=\"width: 50%; height: 24px;\"><strong>Nachher<\/strong><\/td>\n<\/tr>\n<tr style=\"height: 24px;\">\n<td style=\"width: 50%; height: 24px;\"><img loading=\"lazy\" decoding=\"async\" class=\"size-medium wp-image-276 aligncenter\" src=\"..\/wp-content\/uploads\/2018\/03\/vorher_-300x225.jpg\" sizes=\"auto, (max-width: 300px) 100vw, 300px\" srcset=\"..\/wp-content\/uploads\/2018\/03\/vorher_-300x225.jpg 300w, https:\/\/www.zubergebrag.ch\/wp-content\/uploads\/2018\/03\/vorher_-768x576.jpg 768w, https:\/\/www.zubergebrag.ch\/wp-content\/uploads\/2018\/03\/vorher_-1024x768.jpg 1024w\" alt=\"\" width=\"300\" height=\"225\" \/><\/td>\n<td style=\"width: 50%; height: 24px;\"><img loading=\"lazy\" decoding=\"async\" class=\"size-medium wp-image-275 aligncenter\" src=\"..\/wp-content\/uploads\/2018\/03\/nachher_-1-300x225.jpg\" sizes=\"auto, (max-width: 300px) 100vw, 300px\" srcset=\"..\/wp-content\/uploads\/2018\/03\/nachher_-1-300x225.jpg 300w, https:\/\/www.zubergebrag.ch\/wp-content\/uploads\/2018\/03\/nachher_-1-768x576.jpg 768w, https:\/\/www.zubergebrag.ch\/wp-content\/uploads\/2018\/03\/nachher_-1-1024x768.jpg 1024w\" alt=\"\" width=\"300\" height=\"225\" \/><\/td>\n<\/tr>\n<tr style=\"height: 24px;\">\n<td style=\"width: 50%; height: 24px;\"><strong>Flachdach<\/strong><\/td>\n<td style=\"width: 50%; height: 24px;\"><\/td>\n<\/tr>\n<tr style=\"height: 24px;\">\n<td style=\"width: 50%; height: 24px;\"><img loading=\"lazy\" decoding=\"async\" class=\"size-medium wp-image-273 aligncenter\" src=\"..\/wp-content\/uploads\/2018\/03\/Flachdach_-300x225.jpg\" sizes=\"auto, (max-width: 300px) 100vw, 300px\" srcset=\"..\/wp-content\/uploads\/2018\/03\/Flachdach_-300x225.jpg 300w, https:\/\/www.zubergebrag.ch\/wp-content\/uploads\/2018\/03\/Flachdach_-768x576.jpg 768w, https:\/\/www.zubergebrag.ch\/wp-content\/uploads\/2018\/03\/Flachdach_-1024x768.jpg 1024w\" alt=\"\" width=\"300\" height=\"225\" \/><\/td>\n<td style=\"width: 50%; height: 24px;\"><\/td>\n<\/tr>\n<\/tbody>\n<\/table>\n<p>&nbsp;<\/p>\n<\/div>\n<\/header>\n","protected":false},"excerpt":{"rendered":"<p>Von der Beratung \u00fcber die Planung bis hin zu Bau und Unterhalt \u2014 Ihr Dach ist unsere Sache. Flachd\u00e4cher und Steild\u00e4cher der [&hellip;]<\/p>\n","protected":false},"author":1,"featured_media":0,"parent":0,"menu_order":4,"comment_status":"closed","ping_status":"closed","template":"","meta":{"footnotes":""},"class_list":["post-15","page","type-page","status-publish","hentry"],"_links":{"self":[{"href":"https:\/\/www.zubergebrag.ch\/index.php\/wp-json\/wp\/v2\/pages\/15","targetHints":{"allow":["GET"]}}],"collection":[{"href":"https:\/\/www.zubergebrag.ch\/index.php\/wp-json\/wp\/v2\/pages"}],"about":[{"href":"https:\/\/www.zubergebrag.ch\/index.php\/wp-json\/wp\/v2\/types\/page"}],"author":[{"embeddable":true,"href":"https:\/\/www.zubergebrag.ch\/index.php\/wp-json\/wp\/v2\/users\/1"}],"replies":[{"embeddable":true,"href":"https:\/\/www.zubergebrag.ch\/index.php\/wp-json\/wp\/v2\/comments?post=15"}],"version-history":[{"count":6,"href":"https:\/\/www.zubergebrag.ch\/index.php\/wp-json\/wp\/v2\/pages\/15\/revisions"}],"predecessor-version":[{"id":89,"href":"https:\/\/www.zubergebrag.ch\/index.php\/wp-json\/wp\/v2\/pages\/15\/revisions\/89"}],"wp:attachment":[{"href":"https:\/\/www.zubergebrag.ch\/index.php\/wp-json\/wp\/v2\/media?parent=15"}],"curies":[{"name":"wp","href":"https:\/\/api.w.org\/{rel}","templated":true}]}}