{"id":13,"date":"2024-05-30T15:32:09","date_gmt":"2024-05-30T15:32:09","guid":{"rendered":"https:\/\/www.zubergebrag.ch\/wordpress\/?page_id=13"},"modified":"2024-10-29T19:37:24","modified_gmt":"2024-10-29T19:37:24","slug":"sanitar","status":"publish","type":"page","link":"https:\/\/www.zubergebrag.ch\/index.php\/sanitar\/","title":{"rendered":"Sanit\u00e4r"},"content":{"rendered":"<header class=\"entry-header\">\n<p class=\"entry-title\" style=\"text-align: center;\"><span style=\"font-size: 16px;\">Wir machen Ihre k\u00fchnsten Tr\u00e4ume wahr. Als Ihr pers\u00f6nlicher Bademeister machen wir eine gute Figur. Und wenn Wasser ist, wo keines sein sollte, wissen unsere Profis Bescheid.<\/span><\/p>\n<\/header>\n<div class=\"entry-content\">\n<p style=\"text-align: center;\"><img loading=\"lazy\" decoding=\"async\" class=\"alignnone size-full wp-image-143\" src=\"..\/..\/neu.zubergebrag.ch\/wp-content\/uploads\/2017\/10\/wasser_titel.jpg\" sizes=\"auto, (max-width: 299px) 100vw, 299px\" srcset=\"https:\/\/www.zubergebrag.ch\/wp-content\/uploads\/2017\/10\/wasser_titel.jpg 299w, https:\/\/www.zubergebrag.ch\/wp-content\/uploads\/2017\/10\/wasser_titel-150x150.jpg 150w\" alt=\"\" width=\"299\" height=\"299\" \/><\/p>\n<p style=\"text-align: center;\">Ob Neubau oder Umbau \u2014 wir machen Ihre Badtr\u00e4ume wahr. Bei uns gehen Ihre exklusiven W\u00fcnsche und Vorstellungen garantiert nicht baden. Wir beraten Sie und planen alles bis in Detail. Bevor Ihr Bad steht, f\u00fchren wir Sie darin spazieren \u2014 virtuell per Computer.<\/p>\n<p style=\"text-align: center;\">Unsere Sanit\u00e4r-Profis kennen auf fast alle Fragen rund ums Wasser eine L\u00f6sung.<br \/>\nTesten Sie uns!<\/p>\n<p><img loading=\"lazy\" decoding=\"async\" class=\"size-full wp-image-148 aligncenter\" src=\"..\/..\/neu.zubergebrag.ch\/wp-content\/uploads\/2017\/10\/bad_titel.jpg\" sizes=\"auto, (max-width: 299px) 100vw, 299px\" srcset=\"https:\/\/www.zubergebrag.ch\/wp-content\/uploads\/2017\/10\/bad_titel.jpg 299w, https:\/\/www.zubergebrag.ch\/wp-content\/uploads\/2017\/10\/bad_titel-150x150.jpg 150w\" alt=\"\" width=\"299\" height=\"299\" \/><\/p>\n<\/div>\n","protected":false},"excerpt":{"rendered":"<p>Wir machen Ihre k\u00fchnsten Tr\u00e4ume wahr. Als Ihr pers\u00f6nlicher Bademeister machen wir eine gute Figur. Und wenn Wasser ist, wo keines sein [&hellip;]<\/p>\n","protected":false},"author":1,"featured_media":0,"parent":0,"menu_order":3,"comment_status":"closed","ping_status":"closed","template":"","meta":{"footnotes":""},"class_list":["post-13","page","type-page","status-publish","hentry"],"_links":{"self":[{"href":"https:\/\/www.zubergebrag.ch\/index.php\/wp-json\/wp\/v2\/pages\/13","targetHints":{"allow":["GET"]}}],"collection":[{"href":"https:\/\/www.zubergebrag.ch\/index.php\/wp-json\/wp\/v2\/pages"}],"about":[{"href":"https:\/\/www.zubergebrag.ch\/index.php\/wp-json\/wp\/v2\/types\/page"}],"author":[{"embeddable":true,"href":"https:\/\/www.zubergebrag.ch\/index.php\/wp-json\/wp\/v2\/users\/1"}],"replies":[{"embeddable":true,"href":"https:\/\/www.zubergebrag.ch\/index.php\/wp-json\/wp\/v2\/comments?post=13"}],"version-history":[{"count":5,"href":"https:\/\/www.zubergebrag.ch\/index.php\/wp-json\/wp\/v2\/pages\/13\/revisions"}],"predecessor-version":[{"id":97,"href":"https:\/\/www.zubergebrag.ch\/index.php\/wp-json\/wp\/v2\/pages\/13\/revisions\/97"}],"wp:attachment":[{"href":"https:\/\/www.zubergebrag.ch\/index.php\/wp-json\/wp\/v2\/media?parent=13"}],"curies":[{"name":"wp","href":"https:\/\/api.w.org\/{rel}","templated":true}]}}